{"id":45,"date":"2025-02-05T19:33:57","date_gmt":"2025-02-05T18:33:57","guid":{"rendered":"https:\/\/villavuerocher.com\/?page_id=45"},"modified":"2025-02-05T19:33:57","modified_gmt":"2025-02-05T18:33:57","slug":"mentions-legales","status":"publish","type":"page","link":"https:\/\/villavuerocher.com\/index.php\/mentions-legales\/","title":{"rendered":"Mentions l\u00e9gales"},"content":{"rendered":"\n<p>Si\u00e8ge social Le site est cr\u00e9\u00e9 par la soci\u00e9t\u00e9 INDI BERGER LEVEQUE INDIVISION\u00a0\/ www.villavuerocher.com Adresse : Le Diamant Contact T\u00e9l. : +596 696 86 33 11 E-Mail : villavuerocher@gmail.com <\/p>\n\n\n\n<p>Repr\u00e9sentant l\u00e9gal INDI BERGER LEVEQUE INDIVISION, repr\u00e9sent\u00e9e par Marc BERGER. Responsable de publication : Marc BERGER Inscription au registre du commerce et des soci\u00e9t\u00e9s du tribunal de Fort de France SIREN ou \u00e9quivalent : 981 671 407 <\/p>\n\n\n\n<p>Le site est h\u00e9berg\u00e9 par Si\u00e8ge social : 2 rue Kellermann &#8211; 59100 Roubaix &#8211; France. OVH SAS est une filiale de la soci\u00e9t\u00e9 OVH Groupe SA, soci\u00e9t\u00e9 immatricul\u00e9e au RCS de Lille sous le num\u00e9ro 537 407 926 sise 2, rue Kellermann, 59100 Roubaix. Conditions d\u2019utilisation Le site est la propri\u00e9t\u00e9 de la soci\u00e9t\u00e9 INDI BERGER LEVEQUE INDIVISION\u00a0\/ www.villavuerocher.com dont le si\u00e8ge social est situ\u00e9 \u00e0 : Le Diamant En utilisant ce site, vous acceptez ces conditions: \u201cwww.villavuerocher.com\u201d peut \u00e0 tout moment r\u00e9viser ou modifier ces conditions en mettant \u00e0 jour cette page. \u201cwww.villavuerocher.com\u201d se r\u00e9serve le droit de modifier ou supprimer le contenu de ce Site, sans pr\u00e9avis et pour toute raison. Contenu Les graphiques, interfaces, marques, logos, sons (collectivement le \u201cContenu\u201d) sont la propri\u00e9t\u00e9 de la soci\u00e9t\u00e9 INDI BERGER LEVEQUE INDIVISION , www.villavuerocher.com et sont prot\u00e9g\u00e9s par le droit d\u2019auteur. Certains textes, photos et vid\u00e9os sont la propri\u00e9t\u00e9 de nos partenaires et sont prot\u00e9g\u00e9s. Vous pouvez demander \u00e0 nos partenaires l\u2019autorisation d\u2019utiliser ou de copier ce contenu. Tous les exemplaires, complets ou partiels, sont interdits sans le consentement pr\u00e9alable des auteurs et de la soci\u00e9t\u00e9 INDI BERGER LEVEQUE INDIVISION. <\/p>\n\n\n\n<p>Utilisation Vous ne pouvez pas utiliser le Site ou son Contenu \u00e0 des fins ill\u00e9gales ou interdites par les pr\u00e9sentes Conditions. Vous acceptez \u00e9galement de ne pas faire de fausses demandes de r\u00e9servation, d\u2019acc\u00e9der, surveiller ou copier tout contenu ou information de ce site en utilisant des liens, robots ou autres programmes et algorithmes automatiques. Veuillez nous contacter pour toute demande relative \u00e0 nos conditions d\u2019utilisations. Vous pouvez nous envoyer un email. <\/p>\n\n\n\n<p>D\u00e9sistement www.villavuerocher.com ne sera pas tenu responsable des dommages directs, indirects ou punitifs d\u00e9coulant de votre acc\u00e8s ou \u00e0 l\u2019utilisation des informations contenues sur ce site web. <\/p>\n\n\n\n<p>Ce site est fourni tel quel sans aucune garanti, explicite ou implicite. Partage d\u2019informations avec des tiers Nous ne vendons, ni commercialisons, ni transf\u00e9rons vos informations de connexion. Nous ne partageons que les informations avec nos partenaires qui participent \u00e0 l\u2019am\u00e9lioration du site web ou notre activit\u00e9. Consentement En utilisant notre site, vous consentez \u00e0 notre politique de confidentialit\u00e9 du site web. Nous contactez Si vous avez des questions au sujet de l\u2019utilisation de vos donn\u00e9es personnelles, veuillez nous contacter par email : villavuerocher@gmail.com Changement de notre politique de vie priv\u00e9e Si nous d\u00e9cidons de changer notre politique de confidentialit\u00e9, nous afficherons ces modifications sur cette page.<\/p>\n","protected":false},"excerpt":{"rendered":"<p>Si\u00e8ge social Le site est cr\u00e9\u00e9 par la soci\u00e9t\u00e9 INDI BERGER LEVEQUE INDIVISION\u00a0\/ www.villavuerocher.com Adresse : Le Diamant Contact T\u00e9l. : +596 696 86 33 11 E-Mail : villavuerocher@gmail.com Repr\u00e9sentant l\u00e9gal INDI BERGER LEVEQUE INDIVISION, repr\u00e9sent\u00e9e par Marc BERGER. Responsable de publication : Marc BERGER Inscription au registre du commerce et des soci\u00e9t\u00e9s du tribunal [&hellip;]<\/p>\n","protected":false},"author":1,"featured_media":0,"parent":0,"menu_order":0,"comment_status":"closed","ping_status":"closed","template":"","meta":{"footnotes":""},"class_list":["post-45","page","type-page","status-publish","hentry"],"_links":{"self":[{"href":"https:\/\/villavuerocher.com\/index.php\/wp-json\/wp\/v2\/pages\/45","targetHints":{"allow":["GET"]}}],"collection":[{"href":"https:\/\/villavuerocher.com\/index.php\/wp-json\/wp\/v2\/pages"}],"about":[{"href":"https:\/\/villavuerocher.com\/index.php\/wp-json\/wp\/v2\/types\/page"}],"author":[{"embeddable":true,"href":"https:\/\/villavuerocher.com\/index.php\/wp-json\/wp\/v2\/users\/1"}],"replies":[{"embeddable":true,"href":"https:\/\/villavuerocher.com\/index.php\/wp-json\/wp\/v2\/comments?post=45"}],"version-history":[{"count":1,"href":"https:\/\/villavuerocher.com\/index.php\/wp-json\/wp\/v2\/pages\/45\/revisions"}],"predecessor-version":[{"id":46,"href":"https:\/\/villavuerocher.com\/index.php\/wp-json\/wp\/v2\/pages\/45\/revisions\/46"}],"wp:attachment":[{"href":"https:\/\/villavuerocher.com\/index.php\/wp-json\/wp\/v2\/media?parent=45"}],"curies":[{"name":"wp","href":"https:\/\/api.w.org\/{rel}","templated":true}]}}